{"id":28,"date":"2025-10-20T19:26:08","date_gmt":"2025-10-20T19:26:08","guid":{"rendered":"https:\/\/centralnutricion.cl\/?page_id=28"},"modified":"2026-02-26T16:46:36","modified_gmt":"2026-02-26T16:46:36","slug":"compromiso-central","status":"publish","type":"page","link":"https:\/\/centralnutricion.cl\/?page_id=28","title":{"rendered":"Compromiso"},"content":{"rendered":"\t\t<div data-elementor-type=\"wp-page\" data-elementor-id=\"28\" class=\"elementor elementor-28\">\n\t\t\t\t<div class=\"elementor-element elementor-element-913e5be e-flex e-con-boxed e-con e-parent\" data-id=\"913e5be\" data-element_type=\"container\" data-e-type=\"container\">\n\t\t\t\t\t<div class=\"e-con-inner\">\n\t\t\t\t<div class=\"elementor-element elementor-element-6ce40d7 elementor-widget elementor-widget-spacer\" data-id=\"6ce40d7\" data-element_type=\"widget\" data-e-type=\"widget\" data-widget_type=\"spacer.default\">\n\t\t\t\t\t\t\t<div class=\"elementor-spacer\">\n\t\t\t<div class=\"elementor-spacer-inner\"><\/div>\n\t\t<\/div>\n\t\t\t\t\t\t<\/div>\n\t\t\t\t\t<\/div>\n\t\t\t\t<\/div>\n\t\t<div class=\"elementor-element elementor-element-b8fe0de e-flex e-con-boxed e-con e-parent\" data-id=\"b8fe0de\" data-element_type=\"container\" data-e-type=\"container\">\n\t\t\t\t\t<div class=\"e-con-inner\">\n\t\t<div class=\"elementor-element elementor-element-2f7089f e-con-full e-flex e-con e-child\" data-id=\"2f7089f\" data-element_type=\"container\" data-e-type=\"container\">\n\t\t\t\t<div class=\"elementor-element elementor-element-bc88d0f elementor-widget elementor-widget-image\" data-id=\"bc88d0f\" data-element_type=\"widget\" data-e-type=\"widget\" data-widget_type=\"image.default\">\n\t\t\t\t\t\t\t\t\t\t\t\t\t\t\t<img decoding=\"async\" src=\"http:\/\/centralnutricion.cl\/wp-content\/uploads\/elementor\/thumbs\/CompromisoCentralNutricion-ric1r1kjkfudwt2vxiu9ei16d9a7aq9pwdtfp6raqw.jpg\" title=\"CompromisoCentralNutricion\" alt=\"Central Nutrici\u00f3n Comprometidos con l bienestar de tus mascotas y animales de granja\" loading=\"lazy\" \/>\t\t\t\t\t\t\t\t\t\t\t\t\t\t\t<\/div>\n\t\t\t\t<\/div>\n\t\t<div class=\"elementor-element elementor-element-cea14ab e-con-full e-flex e-con e-child\" data-id=\"cea14ab\" data-element_type=\"container\" data-e-type=\"container\">\n\t\t\t\t<div class=\"elementor-element elementor-element-c3e372f eael-dual-header-content-align-left elementor-widget elementor-widget-eael-dual-color-header\" data-id=\"c3e372f\" data-element_type=\"widget\" data-e-type=\"widget\" data-widget_type=\"eael-dual-color-header.default\">\n\t\t\t\t\t\t\t\t<div class=\"eael-dual-header\">\n\t\t\t\t<h2 class=\"title eael-dch-title\"><span class=\"eael-dch-title-text eael-dch-title-lead lead solid-color\">COMPROMISO<\/span> <span class=\"eael-dch-title-text\">CENTRAL<\/span><\/h2><div class=\"eael-dch-separator-wrap\"><span class=\"separator-one\"><\/span>\n\t\t\t<span class=\"separator-two\"><\/span><\/div>\t\t\t\t\t<span class=\"eael-dch-svg-icon\"><\/span>\t\t\t\t\t\t\t<\/div>\n\n\t\t\t\t\t\t<\/div>\n\t\t\t\t<div class=\"elementor-element elementor-element-4da7a5d elementor-widget elementor-widget-text-editor\" data-id=\"4da7a5d\" data-element_type=\"widget\" data-e-type=\"widget\" data-widget_type=\"text-editor.default\">\n\t\t\t\t\t\t\t\t\t<p data-path-to-node=\"3\">En <b data-path-to-node=\"3\" data-index-in-node=\"3\">Central Nutrici\u00f3n<\/b>, nos mueve el bienestar de tus animales y el \u00e9xito de tu trabajo. Por eso, nos comprometemos a ser tu aliado estrat\u00e9gico a trav\u00e9s de:<\/p><ul data-path-to-node=\"4\"><li><p data-path-to-node=\"4,0,0\"><b data-path-to-node=\"4,0,0\" data-index-in-node=\"0\">Calidad y Variedad Garantizada:<\/b> Contamos con un stock permanente de las mejores marcas para mascotas (Perros y Gatos) y una l\u00ednea completa para animales de granja.<\/p><\/li><li><p data-path-to-node=\"4,1,0\"><b data-path-to-node=\"4,1,0\" data-index-in-node=\"0\">Despacho Gratis en Puc\u00f3n:<\/b> Para tu comodidad, llevamos el alimento de tu <b data-path-to-node=\"4,1,0\" data-index-in-node=\"72\">perro o gato directamente a tu puerta sin costo adicional<\/b> dentro del radio urbano de Puc\u00f3n.<\/p><\/li><li><p data-path-to-node=\"4,2,0\"><b data-path-to-node=\"4,2,0\" data-index-in-node=\"0\">Conexi\u00f3n con el Mundo Rural:<\/b> Entendemos profundamente las necesidades del campesino. Por ello, nos especializamos en la <b data-path-to-node=\"4,2,0\" data-index-in-node=\"120\">entrega de productos en zonas remotas de Puc\u00f3n y Villarrica<\/b>, llegando donde otros no llegan para que tu producci\u00f3n nunca se detenga.<\/p><\/li><\/ul><p data-path-to-node=\"5\"><b data-path-to-node=\"5\" data-index-in-node=\"0\">En Central Nutrici\u00f3n, estamos donde t\u00fa y tus animales nos necesiten.<\/b><\/p>\t\t\t\t\t\t\t\t<\/div>\n\t\t\t\t<\/div>\n\t\t\t\t\t<\/div>\n\t\t\t\t<\/div>\n\t\t<div class=\"elementor-element elementor-element-0fa965a e-flex e-con-boxed e-con e-parent\" data-id=\"0fa965a\" data-element_type=\"container\" data-e-type=\"container\">\n\t\t\t\t\t<div class=\"e-con-inner\">\n\t\t\t\t<div class=\"elementor-element elementor-element-2ae5479 elementor-widget elementor-widget-spacer\" data-id=\"2ae5479\" data-element_type=\"widget\" data-e-type=\"widget\" data-widget_type=\"spacer.default\">\n\t\t\t\t\t\t\t<div class=\"elementor-spacer\">\n\t\t\t<div class=\"elementor-spacer-inner\"><\/div>\n\t\t<\/div>\n\t\t\t\t\t\t<\/div>\n\t\t\t\t\t<\/div>\n\t\t\t\t<\/div>\n\t\t<div class=\"elementor-element elementor-element-838d086 e-flex e-con-boxed e-con e-parent\" data-id=\"838d086\" data-element_type=\"container\" data-e-type=\"container\" data-settings=\"{&quot;background_background&quot;:&quot;classic&quot;,&quot;shape_divider_top&quot;:&quot;clouds&quot;}\">\n\t\t\t\t\t<div class=\"e-con-inner\">\n\t\t\t\t<div class=\"elementor-shape elementor-shape-top\" aria-hidden=\"true\" data-negative=\"false\">\n\t\t\t<svg xmlns=\"http:\/\/www.w3.org\/2000\/svg\" viewBox=\"0 0 283.5 27.8\" preserveAspectRatio=\"xMidYMax slice\">\n  <path class=\"elementor-shape-fill\" d=\"M0 0v6.7c1.9-.8 4.7-1.4 8.5-1 9.5 1.1 11.1 6 11.1 6s2.1-.7 4.3-.2c2.1.5 2.8 2.6 2.8 2.6s.2-.5 1.4-.7c1.2-.2 1.7.2 1.7.2s0-2.1 1.9-2.8c1.9-.7 3.6.7 3.6.7s.7-2.9 3.1-4.1 4.7 0 4.7 0 1.2-.5 2.4 0 1.7 1.4 1.7 1.4h1.4c.7 0 1.2.7 1.2.7s.8-1.8 4-2.2c3.5-.4 5.3 2.4 6.2 4.4.4-.4 1-.7 1.8-.9 2.8-.7 4 .7 4 .7s1.7-5 11.1-6c9.5-1.1 12.3 3.9 12.3 3.9s1.2-4.8 5.7-5.7c4.5-.9 6.8 1.8 6.8 1.8s.6-.6 1.5-.9c.9-.2 1.9-.2 1.9-.2s5.2-6.4 12.6-3.3c7.3 3.1 4.7 9 4.7 9s1.9-.9 4 0 2.8 2.4 2.8 2.4 1.9-1.2 4.5-1.2 4.3 1.2 4.3 1.2.2-1 1.4-1.7 2.1-.7 2.1-.7-.5-3.1 2.1-5.5 5.7-1.4 5.7-1.4 1.5-2.3 4.2-1.1c2.7 1.2 1.7 5.2 1.7 5.2s.3-.1 1.3.5c.5.4.8.8.9 1.1.5-1.4 2.4-5.8 8.4-4 7.1 2.1 3.5 8.9 3.5 8.9s.8-.4 2 0 1.1 1.1 1.1 1.1 1.1-1.1 2.3-1.1 2.1.5 2.1.5 1.9-3.6 6.2-1.2 1.9 6.4 1.9 6.4 2.6-2.4 7.4 0c3.4 1.7 3.9 4.9 3.9 4.9s3.3-6.9 10.4-7.9 11.5 2.6 11.5 2.6.8 0 1.2.2c.4.2.9.9.9.9s4.4-3.1 8.3.2c1.9 1.7 1.5 5 1.5 5s.3-1.1 1.6-1.4c1.3-.3 2.3.2 2.3.2s-.1-1.2.5-1.9 1.9-.9 1.9-.9-4.7-9.3 4.4-13.4c5.6-2.5 9.2.9 9.2.9s5-6.2 15.9-6.2 16.1 8.1 16.1 8.1.7-.2 1.6-.4V0H0z\"\/>\n<\/svg>\n\t\t<\/div>\n\t\t\t\t<div class=\"elementor-element elementor-element-30fcc4f elementor-widget elementor-widget-spacer\" data-id=\"30fcc4f\" data-element_type=\"widget\" data-e-type=\"widget\" data-widget_type=\"spacer.default\">\n\t\t\t\t\t\t\t<div class=\"elementor-spacer\">\n\t\t\t<div class=\"elementor-spacer-inner\"><\/div>\n\t\t<\/div>\n\t\t\t\t\t\t<\/div>\n\t\t\t\t\t<\/div>\n\t\t\t\t<\/div>\n\t\t<div class=\"elementor-element elementor-element-7c14a2c e-con-full e-flex e-con e-parent\" data-id=\"7c14a2c\" data-element_type=\"container\" data-e-type=\"container\" data-settings=\"{&quot;background_background&quot;:&quot;classic&quot;,&quot;shape_divider_top&quot;:&quot;curve&quot;}\">\n\t\t\t\t<div class=\"elementor-shape elementor-shape-top\" aria-hidden=\"true\" data-negative=\"false\">\n\t\t\t<svg xmlns=\"http:\/\/www.w3.org\/2000\/svg\" viewBox=\"0 0 1000 100\" preserveAspectRatio=\"none\">\n    <path class=\"elementor-shape-fill\" d=\"M1000,4.3V0H0v4.3C0.9,23.1,126.7,99.2,500,100S1000,22.7,1000,4.3z\"\/>\n<\/svg>\t\t<\/div>\n\t\t\t\t<\/div>\n\t\t\t\t<\/div>\n\t\t","protected":false},"excerpt":{"rendered":"<p>Central Nutrici\u00f3n se dedica al bienestar animal y al \u00e9xito de sus clientes, ofreciendo calidad y variedad en productos para mascotas y animales de granja. Proporciona despacho gratuito dentro de Puc\u00f3n y se enfoca en satisfacer las necesidades del mundo rural, asegurando el suministro en \u00e1reas remotas para optimizar la producci\u00f3n.<\/p>\n","protected":false},"author":1,"featured_media":733,"parent":0,"menu_order":0,"comment_status":"closed","ping_status":"closed","template":"","meta":{"footnotes":""},"class_list":["post-28","page","type-page","status-publish","has-post-thumbnail","hentry"],"yoast_head":"<!-- This site is optimized with the Yoast SEO plugin v27.1.1 - https:\/\/yoast.com\/product\/yoast-seo-wordpress\/ -->\n<title>Compromiso - Central Nutrici\u00f3n<\/title>\n<meta name=\"description\" content=\"En Central Nutrici\u00f3n nuestro compromiso es entregar soluciones nutricionales que maximizan el bienestar animal y optimizan tu inversi\u00f3n.\" \/>\n<meta name=\"robots\" content=\"index, follow, max-snippet:-1, max-image-preview:large, max-video-preview:-1\" \/>\n<link rel=\"canonical\" href=\"https:\/\/centralnutricion.cl\/?page_id=28\" \/>\n<meta property=\"og:locale\" content=\"es_ES\" \/>\n<meta property=\"og:type\" content=\"article\" \/>\n<meta property=\"og:title\" content=\"Compromiso - Central Nutrici\u00f3n\" \/>\n<meta property=\"og:description\" content=\"En Central Nutrici\u00f3n nuestro compromiso es entregar soluciones nutricionales que maximizan el bienestar animal y optimizan tu inversi\u00f3n.\" \/>\n<meta property=\"og:url\" content=\"https:\/\/centralnutricion.cl\/?page_id=28\" \/>\n<meta property=\"og:site_name\" content=\"Central Nutrici\u00f3n\" \/>\n<meta property=\"article:publisher\" content=\"https:\/\/web.facebook.com\/profile.php?id=61584464830457\" \/>\n<meta property=\"article:modified_time\" content=\"2026-02-26T16:46:36+00:00\" \/>\n<meta property=\"og:image\" content=\"https:\/\/centralnutricion.cl\/wp-content\/uploads\/2025\/12\/CTRL-Recurso-2.png\" \/>\n\t<meta property=\"og:image:width\" content=\"535\" \/>\n\t<meta property=\"og:image:height\" content=\"530\" \/>\n\t<meta property=\"og:image:type\" content=\"image\/png\" \/>\n<meta name=\"twitter:card\" content=\"summary_large_image\" \/>\n<meta name=\"twitter:label1\" content=\"Tiempo de lectura\" \/>\n\t<meta name=\"twitter:data1\" content=\"2 minutos\" \/>\n<script type=\"application\/ld+json\" class=\"yoast-schema-graph\">{\"@context\":\"https:\/\/schema.org\",\"@graph\":[{\"@type\":\"WebPage\",\"@id\":\"https:\/\/centralnutricion.cl\/?page_id=28\",\"url\":\"https:\/\/centralnutricion.cl\/?page_id=28\",\"name\":\"Compromiso - Central Nutrici\u00f3n\",\"isPartOf\":{\"@id\":\"https:\/\/centralnutricion.cl\/#website\"},\"primaryImageOfPage\":{\"@id\":\"https:\/\/centralnutricion.cl\/?page_id=28#primaryimage\"},\"image\":{\"@id\":\"https:\/\/centralnutricion.cl\/?page_id=28#primaryimage\"},\"thumbnailUrl\":\"https:\/\/centralnutricion.cl\/wp-content\/uploads\/2025\/12\/CTRL-Recurso-2.png\",\"datePublished\":\"2025-10-20T19:26:08+00:00\",\"dateModified\":\"2026-02-26T16:46:36+00:00\",\"description\":\"En Central Nutrici\u00f3n nuestro compromiso es entregar soluciones nutricionales que maximizan el bienestar animal y optimizan tu inversi\u00f3n.\",\"breadcrumb\":{\"@id\":\"https:\/\/centralnutricion.cl\/?page_id=28#breadcrumb\"},\"inLanguage\":\"es\",\"potentialAction\":[{\"@type\":\"ReadAction\",\"target\":[\"https:\/\/centralnutricion.cl\/?page_id=28\"]}]},{\"@type\":\"ImageObject\",\"inLanguage\":\"es\",\"@id\":\"https:\/\/centralnutricion.cl\/?page_id=28#primaryimage\",\"url\":\"https:\/\/centralnutricion.cl\/wp-content\/uploads\/2025\/12\/CTRL-Recurso-2.png\",\"contentUrl\":\"https:\/\/centralnutricion.cl\/wp-content\/uploads\/2025\/12\/CTRL-Recurso-2.png\",\"width\":535,\"height\":530,\"caption\":\"Nutrici\u00f3n Animal, Humana y Agricola Alimentos para mascotas animales de granja, fertilizantes y jardiner\u00eda Central Nutrici\u00f3n Colo Colo 1190 Puc\u00f3n\"},{\"@type\":\"BreadcrumbList\",\"@id\":\"https:\/\/centralnutricion.cl\/?page_id=28#breadcrumb\",\"itemListElement\":[{\"@type\":\"ListItem\",\"position\":1,\"name\":\"Portada\",\"item\":\"https:\/\/centralnutricion.cl\/\"},{\"@type\":\"ListItem\",\"position\":2,\"name\":\"Compromiso\"}]},{\"@type\":\"WebSite\",\"@id\":\"https:\/\/centralnutricion.cl\/#website\",\"url\":\"https:\/\/centralnutricion.cl\/\",\"name\":\"Central Nutrici\u00f3n\",\"description\":\"Mascotas y Animales de Granja\",\"publisher\":{\"@id\":\"https:\/\/centralnutricion.cl\/#organization\"},\"potentialAction\":[{\"@type\":\"SearchAction\",\"target\":{\"@type\":\"EntryPoint\",\"urlTemplate\":\"https:\/\/centralnutricion.cl\/?s={search_term_string}\"},\"query-input\":{\"@type\":\"PropertyValueSpecification\",\"valueRequired\":true,\"valueName\":\"search_term_string\"}}],\"inLanguage\":\"es\"},{\"@type\":\"Organization\",\"@id\":\"https:\/\/centralnutricion.cl\/#organization\",\"name\":\"Central Nutrici\u00f3n\",\"url\":\"https:\/\/centralnutricion.cl\/\",\"logo\":{\"@type\":\"ImageObject\",\"inLanguage\":\"es\",\"@id\":\"https:\/\/centralnutricion.cl\/#\/schema\/logo\/image\/\",\"url\":\"https:\/\/centralnutricion.cl\/wp-content\/uploads\/2025\/10\/cropped-CentralRecurso-1-100.jpg\",\"contentUrl\":\"https:\/\/centralnutricion.cl\/wp-content\/uploads\/2025\/10\/cropped-CentralRecurso-1-100.jpg\",\"width\":512,\"height\":512,\"caption\":\"Central Nutrici\u00f3n\"},\"image\":{\"@id\":\"https:\/\/centralnutricion.cl\/#\/schema\/logo\/image\/\"},\"sameAs\":[\"https:\/\/web.facebook.com\/profile.php?id=61584464830457\",\"https:\/\/www.instagram.com\/centralnutricion\/\"]}]}<\/script>\n<!-- \/ Yoast SEO plugin. -->","yoast_head_json":{"title":"Compromiso - Central Nutrici\u00f3n","description":"En Central Nutrici\u00f3n nuestro compromiso es entregar soluciones nutricionales que maximizan el bienestar animal y optimizan tu inversi\u00f3n.","robots":{"index":"index","follow":"follow","max-snippet":"max-snippet:-1","max-image-preview":"max-image-preview:large","max-video-preview":"max-video-preview:-1"},"canonical":"https:\/\/centralnutricion.cl\/?page_id=28","og_locale":"es_ES","og_type":"article","og_title":"Compromiso - Central Nutrici\u00f3n","og_description":"En Central Nutrici\u00f3n nuestro compromiso es entregar soluciones nutricionales que maximizan el bienestar animal y optimizan tu inversi\u00f3n.","og_url":"https:\/\/centralnutricion.cl\/?page_id=28","og_site_name":"Central Nutrici\u00f3n","article_publisher":"https:\/\/web.facebook.com\/profile.php?id=61584464830457","article_modified_time":"2026-02-26T16:46:36+00:00","og_image":[{"width":535,"height":530,"url":"https:\/\/centralnutricion.cl\/wp-content\/uploads\/2025\/12\/CTRL-Recurso-2.png","type":"image\/png"}],"twitter_card":"summary_large_image","twitter_misc":{"Tiempo de lectura":"2 minutos"},"schema":{"@context":"https:\/\/schema.org","@graph":[{"@type":"WebPage","@id":"https:\/\/centralnutricion.cl\/?page_id=28","url":"https:\/\/centralnutricion.cl\/?page_id=28","name":"Compromiso - Central Nutrici\u00f3n","isPartOf":{"@id":"https:\/\/centralnutricion.cl\/#website"},"primaryImageOfPage":{"@id":"https:\/\/centralnutricion.cl\/?page_id=28#primaryimage"},"image":{"@id":"https:\/\/centralnutricion.cl\/?page_id=28#primaryimage"},"thumbnailUrl":"https:\/\/centralnutricion.cl\/wp-content\/uploads\/2025\/12\/CTRL-Recurso-2.png","datePublished":"2025-10-20T19:26:08+00:00","dateModified":"2026-02-26T16:46:36+00:00","description":"En Central Nutrici\u00f3n nuestro compromiso es entregar soluciones nutricionales que maximizan el bienestar animal y optimizan tu inversi\u00f3n.","breadcrumb":{"@id":"https:\/\/centralnutricion.cl\/?page_id=28#breadcrumb"},"inLanguage":"es","potentialAction":[{"@type":"ReadAction","target":["https:\/\/centralnutricion.cl\/?page_id=28"]}]},{"@type":"ImageObject","inLanguage":"es","@id":"https:\/\/centralnutricion.cl\/?page_id=28#primaryimage","url":"https:\/\/centralnutricion.cl\/wp-content\/uploads\/2025\/12\/CTRL-Recurso-2.png","contentUrl":"https:\/\/centralnutricion.cl\/wp-content\/uploads\/2025\/12\/CTRL-Recurso-2.png","width":535,"height":530,"caption":"Nutrici\u00f3n Animal, Humana y Agricola Alimentos para mascotas animales de granja, fertilizantes y jardiner\u00eda Central Nutrici\u00f3n Colo Colo 1190 Puc\u00f3n"},{"@type":"BreadcrumbList","@id":"https:\/\/centralnutricion.cl\/?page_id=28#breadcrumb","itemListElement":[{"@type":"ListItem","position":1,"name":"Portada","item":"https:\/\/centralnutricion.cl\/"},{"@type":"ListItem","position":2,"name":"Compromiso"}]},{"@type":"WebSite","@id":"https:\/\/centralnutricion.cl\/#website","url":"https:\/\/centralnutricion.cl\/","name":"Central Nutrici\u00f3n","description":"Mascotas y Animales de Granja","publisher":{"@id":"https:\/\/centralnutricion.cl\/#organization"},"potentialAction":[{"@type":"SearchAction","target":{"@type":"EntryPoint","urlTemplate":"https:\/\/centralnutricion.cl\/?s={search_term_string}"},"query-input":{"@type":"PropertyValueSpecification","valueRequired":true,"valueName":"search_term_string"}}],"inLanguage":"es"},{"@type":"Organization","@id":"https:\/\/centralnutricion.cl\/#organization","name":"Central Nutrici\u00f3n","url":"https:\/\/centralnutricion.cl\/","logo":{"@type":"ImageObject","inLanguage":"es","@id":"https:\/\/centralnutricion.cl\/#\/schema\/logo\/image\/","url":"https:\/\/centralnutricion.cl\/wp-content\/uploads\/2025\/10\/cropped-CentralRecurso-1-100.jpg","contentUrl":"https:\/\/centralnutricion.cl\/wp-content\/uploads\/2025\/10\/cropped-CentralRecurso-1-100.jpg","width":512,"height":512,"caption":"Central Nutrici\u00f3n"},"image":{"@id":"https:\/\/centralnutricion.cl\/#\/schema\/logo\/image\/"},"sameAs":["https:\/\/web.facebook.com\/profile.php?id=61584464830457","https:\/\/www.instagram.com\/centralnutricion\/"]}]}},"jetpack_sharing_enabled":true,"_links":{"self":[{"href":"https:\/\/centralnutricion.cl\/index.php?rest_route=\/wp\/v2\/pages\/28","targetHints":{"allow":["GET"]}}],"collection":[{"href":"https:\/\/centralnutricion.cl\/index.php?rest_route=\/wp\/v2\/pages"}],"about":[{"href":"https:\/\/centralnutricion.cl\/index.php?rest_route=\/wp\/v2\/types\/page"}],"author":[{"embeddable":true,"href":"https:\/\/centralnutricion.cl\/index.php?rest_route=\/wp\/v2\/users\/1"}],"replies":[{"embeddable":true,"href":"https:\/\/centralnutricion.cl\/index.php?rest_route=%2Fwp%2Fv2%2Fcomments&post=28"}],"version-history":[{"count":8,"href":"https:\/\/centralnutricion.cl\/index.php?rest_route=\/wp\/v2\/pages\/28\/revisions"}],"predecessor-version":[{"id":1693,"href":"https:\/\/centralnutricion.cl\/index.php?rest_route=\/wp\/v2\/pages\/28\/revisions\/1693"}],"wp:featuredmedia":[{"embeddable":true,"href":"https:\/\/centralnutricion.cl\/index.php?rest_route=\/wp\/v2\/media\/733"}],"wp:attachment":[{"href":"https:\/\/centralnutricion.cl\/index.php?rest_route=%2Fwp%2Fv2%2Fmedia&parent=28"}],"curies":[{"name":"wp","href":"https:\/\/api.w.org\/{rel}","templated":true}]}}