{"id":30,"date":"2025-10-20T19:27:25","date_gmt":"2025-10-20T19:27:25","guid":{"rendered":"https:\/\/centralnutricion.cl\/?page_id=30"},"modified":"2026-02-25T14:36:20","modified_gmt":"2026-02-25T14:36:20","slug":"contaco-central-nutricion","status":"publish","type":"page","link":"https:\/\/centralnutricion.cl\/?page_id=30","title":{"rendered":"Contacto"},"content":{"rendered":"\t\t<div data-elementor-type=\"wp-page\" data-elementor-id=\"30\" class=\"elementor elementor-30\">\n\t\t\t\t<div class=\"elementor-element elementor-element-3c915f7 e-flex e-con-boxed e-con e-parent\" data-id=\"3c915f7\" data-element_type=\"container\" data-e-type=\"container\">\n\t\t\t\t\t<div class=\"e-con-inner\">\n\t\t\t\t<div class=\"elementor-element elementor-element-a85d1f4 eael-dual-header-content-align-center elementor-widget elementor-widget-eael-dual-color-header\" data-id=\"a85d1f4\" data-element_type=\"widget\" data-e-type=\"widget\" data-widget_type=\"eael-dual-color-header.default\">\n\t\t\t\t\t\t\t\t<div class=\"eael-dual-header\">\n\t\t\t\t\t\t\t\t\t<span class=\"eael-dch-svg-icon\"><i aria-hidden=\"true\" class=\"fas fa-paw\"><\/i><\/span>\t\t\t\t\t\t\t\t<h2 class=\"title eael-dch-title\"><span class=\"eael-dch-title-text eael-dch-title-lead lead solid-color\">CONTACTO<\/span> <span class=\"eael-dch-title-text\"><\/span><\/h2><div class=\"eael-dch-separator-wrap\"><span class=\"separator-one\"><\/span>\n\t\t\t<span class=\"separator-two\"><\/span><\/div>\t\t\t\t<span class=\"subtext\"><\/span>\n\t\t\t<\/div>\n\t\t\t\t\t\t<\/div>\n\t\t\t\t\t<\/div>\n\t\t\t\t<\/div>\n\t\t<div class=\"elementor-element elementor-element-7f25802 e-flex e-con-boxed e-con e-parent\" data-id=\"7f25802\" data-element_type=\"container\" data-e-type=\"container\">\n\t\t\t\t\t<div class=\"e-con-inner\">\n\t\t\t\t<div class=\"elementor-element elementor-element-fac0de3 elementor-widget elementor-widget-text-editor\" data-id=\"fac0de3\" data-element_type=\"widget\" data-e-type=\"widget\" data-widget_type=\"text-editor.default\">\n\t\t\t\t\t\t\t\t\t<p style=\"text-align: center;\">\u00bfNecesitas asesor\u00eda o realizar un pedido? Contacta a Central Nutrici\u00f3n en Puc\u00f3n. <br \/>Estamos listos para ayudarte con nutrici\u00f3n animal, agr\u00edcola y harinas. \u00a1Escr\u00edbenos!\u00bb<\/p>\t\t\t\t\t\t\t\t<\/div>\n\t\t\t\t\t<\/div>\n\t\t\t\t<\/div>\n\t\t<div class=\"elementor-element elementor-element-60788d7 e-flex e-con-boxed e-con e-parent\" data-id=\"60788d7\" data-element_type=\"container\" data-e-type=\"container\" data-settings=\"{&quot;background_background&quot;:&quot;classic&quot;}\">\n\t\t\t\t\t<div class=\"e-con-inner\">\n\t\t<div class=\"elementor-element elementor-element-e7b6947 e-con-full e-flex e-con e-child\" data-id=\"e7b6947\" data-element_type=\"container\" data-e-type=\"container\">\n\t\t\t\t<div class=\"elementor-element elementor-element-742249c elementor-widget elementor-widget-wp-widget-block\" data-id=\"742249c\" data-element_type=\"widget\" data-e-type=\"widget\" data-widget_type=\"wp-widget-block.default\">\n\t\t\t\t<div class=\"elementor-widget-container\">\n\t\t\t\t\t\n<div class=\"wpcf7 no-js\" id=\"wpcf7-f1566-o1\" lang=\"es-ES\" dir=\"ltr\" data-wpcf7-id=\"1566\">\n<div class=\"screen-reader-response\"><p role=\"status\" aria-live=\"polite\" aria-atomic=\"true\"><\/p> <ul><\/ul><\/div>\n<form action=\"\/index.php?rest_route=%2Fwp%2Fv2%2Fpages%2F30#wpcf7-f1566-o1\" method=\"post\" class=\"wpcf7-form init\" aria-label=\"Formulario de contacto\" novalidate=\"novalidate\" data-status=\"init\">\n<fieldset class=\"hidden-fields-container\"><input type=\"hidden\" name=\"_wpcf7\" value=\"1566\" \/><input type=\"hidden\" name=\"_wpcf7_version\" value=\"6.1.5\" \/><input type=\"hidden\" name=\"_wpcf7_locale\" value=\"es_ES\" \/><input type=\"hidden\" name=\"_wpcf7_unit_tag\" value=\"wpcf7-f1566-o1\" \/><input type=\"hidden\" name=\"_wpcf7_container_post\" value=\"0\" \/><input type=\"hidden\" name=\"_wpcf7_posted_data_hash\" value=\"\" \/>\n<\/fieldset>\n<p><label> Tu nombre<br \/>\n<span class=\"wpcf7-form-control-wrap\" data-name=\"your-name\"><input size=\"40\" maxlength=\"400\" class=\"wpcf7-form-control wpcf7-text wpcf7-validates-as-required\" autocomplete=\"name\" aria-required=\"true\" aria-invalid=\"false\" value=\"\" type=\"text\" name=\"your-name\" \/><\/span> <\/label>\n<\/p>\n<p><label> Tu correo electr\u00f3nico<br \/>\n<span class=\"wpcf7-form-control-wrap\" data-name=\"your-email\"><input size=\"40\" maxlength=\"400\" class=\"wpcf7-form-control wpcf7-email wpcf7-validates-as-required wpcf7-text wpcf7-validates-as-email\" autocomplete=\"email\" aria-required=\"true\" aria-invalid=\"false\" value=\"\" type=\"email\" name=\"your-email\" \/><\/span> <\/label>\n<\/p>\n<p><label> Asunto<br \/>\n<span class=\"wpcf7-form-control-wrap\" data-name=\"your-subject\"><input size=\"40\" maxlength=\"400\" class=\"wpcf7-form-control wpcf7-text wpcf7-validates-as-required\" aria-required=\"true\" aria-invalid=\"false\" value=\"\" type=\"text\" name=\"your-subject\" \/><\/span> <\/label>\n<\/p>\n<p><label> Tu mensaje (opcional)<br \/>\n<span class=\"wpcf7-form-control-wrap\" data-name=\"your-message\"><textarea cols=\"40\" rows=\"10\" maxlength=\"2000\" class=\"wpcf7-form-control wpcf7-textarea\" aria-invalid=\"false\" name=\"your-message\"><\/textarea><\/span> <\/label>\n<\/p>\n<p><input class=\"wpcf7-form-control wpcf7-submit has-spinner\" type=\"submit\" value=\"Enviar\" \/>\n<\/p><div class=\"wpcf7-response-output\" aria-hidden=\"true\"><\/div>\n<\/form>\n<\/div>\n\t\t\t\t<\/div>\n\t\t\t\t<\/div>\n\t\t\t\t<\/div>\n\t\t<div class=\"elementor-element elementor-element-20ede74 e-con-full e-flex e-con e-child\" data-id=\"20ede74\" data-element_type=\"container\" data-e-type=\"container\">\n\t\t\t\t<div class=\"elementor-element elementor-element-4ccee77 elementor-widget elementor-widget-google_maps\" data-id=\"4ccee77\" data-element_type=\"widget\" data-e-type=\"widget\" data-widget_type=\"google_maps.default\">\n\t\t\t\t\t\t\t<div class=\"elementor-custom-embed\">\n\t\t\t<iframe loading=\"lazy\"\n\t\t\t\t\tsrc=\"https:\/\/maps.google.com\/maps?q=Colo%20Colo%201190%2C%20Puc%C3%B3n%20IX%20Regi%C3%B3n%20de%20la%20Araucan%C3%ADa%2C%20Chile&#038;t=m&#038;z=15&#038;output=embed&#038;iwloc=near\"\n\t\t\t\t\ttitle=\"Colo Colo 1190, Puc\u00f3n IX Regi\u00f3n de la Araucan\u00eda, Chile\"\n\t\t\t\t\taria-label=\"Colo Colo 1190, Puc\u00f3n IX Regi\u00f3n de la Araucan\u00eda, Chile\"\n\t\t\t><\/iframe>\n\t\t<\/div>\n\t\t\t\t\t\t<\/div>\n\t\t\t\t<\/div>\n\t\t\t\t\t<\/div>\n\t\t\t\t<\/div>\n\t\t<div class=\"elementor-element elementor-element-2d43d1f e-flex e-con-boxed e-con e-parent\" data-id=\"2d43d1f\" data-element_type=\"container\" data-e-type=\"container\">\n\t\t\t\t\t<div class=\"e-con-inner\">\n\t\t\t\t<div class=\"elementor-element elementor-element-133f557 elementor-icon-list--layout-inline elementor-list-item-link-full_width elementor-invisible elementor-widget elementor-widget-icon-list\" data-id=\"133f557\" data-element_type=\"widget\" data-e-type=\"widget\" data-settings=\"{&quot;_animation&quot;:&quot;fadeInUp&quot;,&quot;_animation_delay&quot;:200}\" data-widget_type=\"icon-list.default\">\n\t\t\t\t\t\t\t<ul class=\"elementor-icon-list-items elementor-inline-items\">\n\t\t\t\t\t\t\t<li class=\"elementor-icon-list-item elementor-inline-item\">\n\t\t\t\t\t\t\t\t\t\t\t<a href=\"mailto:contacto@centralnutricion.cl\">\n\n\t\t\t\t\t\t\t\t\t\t\t\t<span class=\"elementor-icon-list-icon\">\n\t\t\t\t\t\t\t<i aria-hidden=\"true\" class=\"fas fa-mail-bulk\"><\/i>\t\t\t\t\t\t<\/span>\n\t\t\t\t\t\t\t\t\t\t<span class=\"elementor-icon-list-text\">contacto@centralnutricion.cl<\/span>\n\t\t\t\t\t\t\t\t\t\t\t<\/a>\n\t\t\t\t\t\t\t\t\t<\/li>\n\t\t\t\t\t\t\t\t<li class=\"elementor-icon-list-item elementor-inline-item\">\n\t\t\t\t\t\t\t\t\t\t\t<a href=\"https:\/\/maps.app.goo.gl\/71pnoWGZmRz2xXmP8\">\n\n\t\t\t\t\t\t\t\t\t\t\t\t<span class=\"elementor-icon-list-icon\">\n\t\t\t\t\t\t\t<i aria-hidden=\"true\" class=\"fas fa-map-marker-alt\"><\/i>\t\t\t\t\t\t<\/span>\n\t\t\t\t\t\t\t\t\t\t<span class=\"elementor-icon-list-text\">Colo Colo 1190 Puc\u00f3n<\/span>\n\t\t\t\t\t\t\t\t\t\t\t<\/a>\n\t\t\t\t\t\t\t\t\t<\/li>\n\t\t\t\t\t\t\t\t<li class=\"elementor-icon-list-item elementor-inline-item\">\n\t\t\t\t\t\t\t\t\t\t\t<a href=\"https:\/\/wa.me\/56990154420?text=Hola%2C%20me%20gustar%C3%ADa%20obtener%20mas%20informaci%C3%B3n!\">\n\n\t\t\t\t\t\t\t\t\t\t\t\t<span class=\"elementor-icon-list-icon\">\n\t\t\t\t\t\t\t<i aria-hidden=\"true\" class=\"fab fa-whatsapp\"><\/i>\t\t\t\t\t\t<\/span>\n\t\t\t\t\t\t\t\t\t\t<span class=\"elementor-icon-list-text\">+56990154420<\/span>\n\t\t\t\t\t\t\t\t\t\t\t<\/a>\n\t\t\t\t\t\t\t\t\t<\/li>\n\t\t\t\t\t\t\t\t<li class=\"elementor-icon-list-item elementor-inline-item\">\n\t\t\t\t\t\t\t\t\t\t\t<a href=\"http:\/\/@centralnutricion\">\n\n\t\t\t\t\t\t\t\t\t\t\t\t<span class=\"elementor-icon-list-icon\">\n\t\t\t\t\t\t\t<i aria-hidden=\"true\" class=\"fab fa-instagram\"><\/i>\t\t\t\t\t\t<\/span>\n\t\t\t\t\t\t\t\t\t\t<span class=\"elementor-icon-list-text\">Centralnutricion<\/span>\n\t\t\t\t\t\t\t\t\t\t\t<\/a>\n\t\t\t\t\t\t\t\t\t<\/li>\n\t\t\t\t\t\t\t\t<li class=\"elementor-icon-list-item elementor-inline-item\">\n\t\t\t\t\t\t\t\t\t\t\t<span class=\"elementor-icon-list-icon\">\n\t\t\t\t\t\t\t<i aria-hidden=\"true\" class=\"fas fa-shipping-fast\"><\/i>\t\t\t\t\t\t<\/span>\n\t\t\t\t\t\t\t\t\t\t<span class=\"elementor-icon-list-text\">Env\u00edos<\/span>\n\t\t\t\t\t\t\t\t\t<\/li>\n\t\t\t\t\t\t\t\t<li class=\"elementor-icon-list-item elementor-inline-item\">\n\t\t\t\t\t\t\t\t\t\t\t<span class=\"elementor-icon-list-icon\">\n\t\t\t\t\t\t\t<i aria-hidden=\"true\" class=\"fas fa-dolly\"><\/i>\t\t\t\t\t\t<\/span>\n\t\t\t\t\t\t\t\t\t\t<span class=\"elementor-icon-list-text\">Pedidos<\/span>\n\t\t\t\t\t\t\t\t\t<\/li>\n\t\t\t\t\t\t<\/ul>\n\t\t\t\t\t\t<\/div>\n\t\t\t\t\t<\/div>\n\t\t\t\t<\/div>\n\t\t<div class=\"elementor-element elementor-element-aed75e7 e-flex e-con-boxed e-con e-parent\" data-id=\"aed75e7\" data-element_type=\"container\" data-e-type=\"container\" data-settings=\"{&quot;background_background&quot;:&quot;classic&quot;,&quot;shape_divider_top&quot;:&quot;clouds&quot;}\">\n\t\t\t\t\t<div class=\"e-con-inner\">\n\t\t\t\t<div class=\"elementor-shape elementor-shape-top\" aria-hidden=\"true\" data-negative=\"false\">\n\t\t\t<svg xmlns=\"http:\/\/www.w3.org\/2000\/svg\" viewBox=\"0 0 283.5 27.8\" preserveAspectRatio=\"xMidYMax slice\">\n  <path class=\"elementor-shape-fill\" d=\"M0 0v6.7c1.9-.8 4.7-1.4 8.5-1 9.5 1.1 11.1 6 11.1 6s2.1-.7 4.3-.2c2.1.5 2.8 2.6 2.8 2.6s.2-.5 1.4-.7c1.2-.2 1.7.2 1.7.2s0-2.1 1.9-2.8c1.9-.7 3.6.7 3.6.7s.7-2.9 3.1-4.1 4.7 0 4.7 0 1.2-.5 2.4 0 1.7 1.4 1.7 1.4h1.4c.7 0 1.2.7 1.2.7s.8-1.8 4-2.2c3.5-.4 5.3 2.4 6.2 4.4.4-.4 1-.7 1.8-.9 2.8-.7 4 .7 4 .7s1.7-5 11.1-6c9.5-1.1 12.3 3.9 12.3 3.9s1.2-4.8 5.7-5.7c4.5-.9 6.8 1.8 6.8 1.8s.6-.6 1.5-.9c.9-.2 1.9-.2 1.9-.2s5.2-6.4 12.6-3.3c7.3 3.1 4.7 9 4.7 9s1.9-.9 4 0 2.8 2.4 2.8 2.4 1.9-1.2 4.5-1.2 4.3 1.2 4.3 1.2.2-1 1.4-1.7 2.1-.7 2.1-.7-.5-3.1 2.1-5.5 5.7-1.4 5.7-1.4 1.5-2.3 4.2-1.1c2.7 1.2 1.7 5.2 1.7 5.2s.3-.1 1.3.5c.5.4.8.8.9 1.1.5-1.4 2.4-5.8 8.4-4 7.1 2.1 3.5 8.9 3.5 8.9s.8-.4 2 0 1.1 1.1 1.1 1.1 1.1-1.1 2.3-1.1 2.1.5 2.1.5 1.9-3.6 6.2-1.2 1.9 6.4 1.9 6.4 2.6-2.4 7.4 0c3.4 1.7 3.9 4.9 3.9 4.9s3.3-6.9 10.4-7.9 11.5 2.6 11.5 2.6.8 0 1.2.2c.4.2.9.9.9.9s4.4-3.1 8.3.2c1.9 1.7 1.5 5 1.5 5s.3-1.1 1.6-1.4c1.3-.3 2.3.2 2.3.2s-.1-1.2.5-1.9 1.9-.9 1.9-.9-4.7-9.3 4.4-13.4c5.6-2.5 9.2.9 9.2.9s5-6.2 15.9-6.2 16.1 8.1 16.1 8.1.7-.2 1.6-.4V0H0z\"\/>\n<\/svg>\n\t\t<\/div>\n\t\t\t\t<div class=\"elementor-element elementor-element-ea4af6b elementor-widget elementor-widget-spacer\" data-id=\"ea4af6b\" data-element_type=\"widget\" data-e-type=\"widget\" data-widget_type=\"spacer.default\">\n\t\t\t\t\t\t\t<div class=\"elementor-spacer\">\n\t\t\t<div class=\"elementor-spacer-inner\"><\/div>\n\t\t<\/div>\n\t\t\t\t\t\t<\/div>\n\t\t\t\t\t<\/div>\n\t\t\t\t<\/div>\n\t\t<div class=\"elementor-element elementor-element-cbdee9d e-con-full e-flex e-con e-parent\" data-id=\"cbdee9d\" data-element_type=\"container\" data-e-type=\"container\" data-settings=\"{&quot;background_background&quot;:&quot;classic&quot;,&quot;shape_divider_top&quot;:&quot;curve&quot;}\">\n\t\t\t\t<div class=\"elementor-shape elementor-shape-top\" aria-hidden=\"true\" data-negative=\"false\">\n\t\t\t<svg xmlns=\"http:\/\/www.w3.org\/2000\/svg\" viewBox=\"0 0 1000 100\" preserveAspectRatio=\"none\">\n    <path class=\"elementor-shape-fill\" d=\"M1000,4.3V0H0v4.3C0.9,23.1,126.7,99.2,500,100S1000,22.7,1000,4.3z\"\/>\n<\/svg>\t\t<\/div>\n\t\t\t\t<\/div>\n\t\t\t\t<\/div>\n\t\t","protected":false},"excerpt":{"rendered":"<p>Esta pagina pone a disposici\u00f3n los canales de contacto de Cntral Nutrici\u00f3n; Mail, Tel\u00e9fono, WhtsApp y direcci\u00f3n. Adem\u00e1s de un mapa de ubicaci\u00f3n para un rapido acceso.<\/p>\n","protected":false},"author":1,"featured_media":1722,"parent":0,"menu_order":0,"comment_status":"closed","ping_status":"closed","template":"","meta":{"footnotes":""},"class_list":["post-30","page","type-page","status-publish","has-post-thumbnail","hentry"],"yoast_head":"<!-- This site is optimized with the Yoast SEO plugin v27.1.1 - https:\/\/yoast.com\/product\/yoast-seo-wordpress\/ -->\n<title>Contacto - Central Nutrici\u00f3n<\/title>\n<meta name=\"description\" content=\"\u00bfNecesitas asesor\u00eda o realizar un pedido? Contacta a Central Nutrici\u00f3n estamos listos para ayudarte con nutrici\u00f3n animal, agr\u00edcola y harinas.\" \/>\n<meta name=\"robots\" content=\"index, follow, max-snippet:-1, max-image-preview:large, max-video-preview:-1\" \/>\n<link rel=\"canonical\" href=\"http:\/\/centralnutricion.cl\/?page_id=30\" \/>\n<meta property=\"og:locale\" content=\"es_ES\" \/>\n<meta property=\"og:type\" content=\"article\" \/>\n<meta property=\"og:title\" content=\"Contacto - Central Nutrici\u00f3n\" \/>\n<meta property=\"og:description\" content=\"\u00bfNecesitas asesor\u00eda o realizar un pedido? Contacta a Central Nutrici\u00f3n estamos listos para ayudarte con nutrici\u00f3n animal, agr\u00edcola y harinas.\" \/>\n<meta property=\"og:url\" content=\"http:\/\/centralnutricion.cl\/?page_id=30\" \/>\n<meta property=\"og:site_name\" content=\"Central Nutrici\u00f3n\" \/>\n<meta property=\"article:publisher\" content=\"https:\/\/web.facebook.com\/profile.php?id=61584464830457\" \/>\n<meta property=\"article:modified_time\" content=\"2026-02-25T14:36:20+00:00\" \/>\n<meta property=\"og:image\" content=\"http:\/\/centralnutricion.cl\/wp-content\/uploads\/2026\/01\/C.png\" \/>\n\t<meta property=\"og:image:width\" content=\"168\" \/>\n\t<meta property=\"og:image:height\" content=\"168\" \/>\n\t<meta property=\"og:image:type\" content=\"image\/png\" \/>\n<meta name=\"twitter:card\" content=\"summary_large_image\" \/>\n<meta name=\"twitter:label1\" content=\"Tiempo de lectura\" \/>\n\t<meta name=\"twitter:data1\" content=\"1 minuto\" \/>\n<script type=\"application\/ld+json\" class=\"yoast-schema-graph\">{\"@context\":\"https:\/\/schema.org\",\"@graph\":[{\"@type\":\"WebPage\",\"@id\":\"http:\/\/centralnutricion.cl\/?page_id=30\",\"url\":\"http:\/\/centralnutricion.cl\/?page_id=30\",\"name\":\"Contacto - Central Nutrici\u00f3n\",\"isPartOf\":{\"@id\":\"https:\/\/centralnutricion.cl\/#website\"},\"primaryImageOfPage\":{\"@id\":\"http:\/\/centralnutricion.cl\/?page_id=30#primaryimage\"},\"image\":{\"@id\":\"http:\/\/centralnutricion.cl\/?page_id=30#primaryimage\"},\"thumbnailUrl\":\"https:\/\/centralnutricion.cl\/wp-content\/uploads\/2026\/01\/C.png\",\"datePublished\":\"2025-10-20T19:27:25+00:00\",\"dateModified\":\"2026-02-25T14:36:20+00:00\",\"description\":\"\u00bfNecesitas asesor\u00eda o realizar un pedido? Contacta a Central Nutrici\u00f3n estamos listos para ayudarte con nutrici\u00f3n animal, agr\u00edcola y harinas.\",\"breadcrumb\":{\"@id\":\"http:\/\/centralnutricion.cl\/?page_id=30#breadcrumb\"},\"inLanguage\":\"es\",\"potentialAction\":[{\"@type\":\"ReadAction\",\"target\":[\"http:\/\/centralnutricion.cl\/?page_id=30\"]}]},{\"@type\":\"ImageObject\",\"inLanguage\":\"es\",\"@id\":\"http:\/\/centralnutricion.cl\/?page_id=30#primaryimage\",\"url\":\"https:\/\/centralnutricion.cl\/wp-content\/uploads\/2026\/01\/C.png\",\"contentUrl\":\"https:\/\/centralnutricion.cl\/wp-content\/uploads\/2026\/01\/C.png\",\"width\":168,\"height\":168,\"caption\":\"Nutrici\u00f3n para mascotas animales de granja y harinas de consumo humano Central Nutrici\u00f3n Colo Colo 1190 Puc\u00f3n\"},{\"@type\":\"BreadcrumbList\",\"@id\":\"http:\/\/centralnutricion.cl\/?page_id=30#breadcrumb\",\"itemListElement\":[{\"@type\":\"ListItem\",\"position\":1,\"name\":\"Portada\",\"item\":\"https:\/\/centralnutricion.cl\/\"},{\"@type\":\"ListItem\",\"position\":2,\"name\":\"Contacto\"}]},{\"@type\":\"WebSite\",\"@id\":\"https:\/\/centralnutricion.cl\/#website\",\"url\":\"https:\/\/centralnutricion.cl\/\",\"name\":\"Central Nutrici\u00f3n\",\"description\":\"Mascotas y Animales de Granja\",\"publisher\":{\"@id\":\"https:\/\/centralnutricion.cl\/#organization\"},\"potentialAction\":[{\"@type\":\"SearchAction\",\"target\":{\"@type\":\"EntryPoint\",\"urlTemplate\":\"https:\/\/centralnutricion.cl\/?s={search_term_string}\"},\"query-input\":{\"@type\":\"PropertyValueSpecification\",\"valueRequired\":true,\"valueName\":\"search_term_string\"}}],\"inLanguage\":\"es\"},{\"@type\":\"Organization\",\"@id\":\"https:\/\/centralnutricion.cl\/#organization\",\"name\":\"Central Nutrici\u00f3n\",\"url\":\"https:\/\/centralnutricion.cl\/\",\"logo\":{\"@type\":\"ImageObject\",\"inLanguage\":\"es\",\"@id\":\"https:\/\/centralnutricion.cl\/#\/schema\/logo\/image\/\",\"url\":\"https:\/\/centralnutricion.cl\/wp-content\/uploads\/2025\/10\/cropped-CentralRecurso-1-100.jpg\",\"contentUrl\":\"https:\/\/centralnutricion.cl\/wp-content\/uploads\/2025\/10\/cropped-CentralRecurso-1-100.jpg\",\"width\":512,\"height\":512,\"caption\":\"Central Nutrici\u00f3n\"},\"image\":{\"@id\":\"https:\/\/centralnutricion.cl\/#\/schema\/logo\/image\/\"},\"sameAs\":[\"https:\/\/web.facebook.com\/profile.php?id=61584464830457\",\"https:\/\/www.instagram.com\/centralnutricion\/\"]}]}<\/script>\n<!-- \/ Yoast SEO plugin. -->","yoast_head_json":{"title":"Contacto - Central Nutrici\u00f3n","description":"\u00bfNecesitas asesor\u00eda o realizar un pedido? Contacta a Central Nutrici\u00f3n estamos listos para ayudarte con nutrici\u00f3n animal, agr\u00edcola y harinas.","robots":{"index":"index","follow":"follow","max-snippet":"max-snippet:-1","max-image-preview":"max-image-preview:large","max-video-preview":"max-video-preview:-1"},"canonical":"http:\/\/centralnutricion.cl\/?page_id=30","og_locale":"es_ES","og_type":"article","og_title":"Contacto - Central Nutrici\u00f3n","og_description":"\u00bfNecesitas asesor\u00eda o realizar un pedido? Contacta a Central Nutrici\u00f3n estamos listos para ayudarte con nutrici\u00f3n animal, agr\u00edcola y harinas.","og_url":"http:\/\/centralnutricion.cl\/?page_id=30","og_site_name":"Central Nutrici\u00f3n","article_publisher":"https:\/\/web.facebook.com\/profile.php?id=61584464830457","article_modified_time":"2026-02-25T14:36:20+00:00","og_image":[{"width":168,"height":168,"url":"http:\/\/centralnutricion.cl\/wp-content\/uploads\/2026\/01\/C.png","type":"image\/png"}],"twitter_card":"summary_large_image","twitter_misc":{"Tiempo de lectura":"1 minuto"},"schema":{"@context":"https:\/\/schema.org","@graph":[{"@type":"WebPage","@id":"http:\/\/centralnutricion.cl\/?page_id=30","url":"http:\/\/centralnutricion.cl\/?page_id=30","name":"Contacto - Central Nutrici\u00f3n","isPartOf":{"@id":"https:\/\/centralnutricion.cl\/#website"},"primaryImageOfPage":{"@id":"http:\/\/centralnutricion.cl\/?page_id=30#primaryimage"},"image":{"@id":"http:\/\/centralnutricion.cl\/?page_id=30#primaryimage"},"thumbnailUrl":"https:\/\/centralnutricion.cl\/wp-content\/uploads\/2026\/01\/C.png","datePublished":"2025-10-20T19:27:25+00:00","dateModified":"2026-02-25T14:36:20+00:00","description":"\u00bfNecesitas asesor\u00eda o realizar un pedido? Contacta a Central Nutrici\u00f3n estamos listos para ayudarte con nutrici\u00f3n animal, agr\u00edcola y harinas.","breadcrumb":{"@id":"http:\/\/centralnutricion.cl\/?page_id=30#breadcrumb"},"inLanguage":"es","potentialAction":[{"@type":"ReadAction","target":["http:\/\/centralnutricion.cl\/?page_id=30"]}]},{"@type":"ImageObject","inLanguage":"es","@id":"http:\/\/centralnutricion.cl\/?page_id=30#primaryimage","url":"https:\/\/centralnutricion.cl\/wp-content\/uploads\/2026\/01\/C.png","contentUrl":"https:\/\/centralnutricion.cl\/wp-content\/uploads\/2026\/01\/C.png","width":168,"height":168,"caption":"Nutrici\u00f3n para mascotas animales de granja y harinas de consumo humano Central Nutrici\u00f3n Colo Colo 1190 Puc\u00f3n"},{"@type":"BreadcrumbList","@id":"http:\/\/centralnutricion.cl\/?page_id=30#breadcrumb","itemListElement":[{"@type":"ListItem","position":1,"name":"Portada","item":"https:\/\/centralnutricion.cl\/"},{"@type":"ListItem","position":2,"name":"Contacto"}]},{"@type":"WebSite","@id":"https:\/\/centralnutricion.cl\/#website","url":"https:\/\/centralnutricion.cl\/","name":"Central Nutrici\u00f3n","description":"Mascotas y Animales de Granja","publisher":{"@id":"https:\/\/centralnutricion.cl\/#organization"},"potentialAction":[{"@type":"SearchAction","target":{"@type":"EntryPoint","urlTemplate":"https:\/\/centralnutricion.cl\/?s={search_term_string}"},"query-input":{"@type":"PropertyValueSpecification","valueRequired":true,"valueName":"search_term_string"}}],"inLanguage":"es"},{"@type":"Organization","@id":"https:\/\/centralnutricion.cl\/#organization","name":"Central Nutrici\u00f3n","url":"https:\/\/centralnutricion.cl\/","logo":{"@type":"ImageObject","inLanguage":"es","@id":"https:\/\/centralnutricion.cl\/#\/schema\/logo\/image\/","url":"https:\/\/centralnutricion.cl\/wp-content\/uploads\/2025\/10\/cropped-CentralRecurso-1-100.jpg","contentUrl":"https:\/\/centralnutricion.cl\/wp-content\/uploads\/2025\/10\/cropped-CentralRecurso-1-100.jpg","width":512,"height":512,"caption":"Central Nutrici\u00f3n"},"image":{"@id":"https:\/\/centralnutricion.cl\/#\/schema\/logo\/image\/"},"sameAs":["https:\/\/web.facebook.com\/profile.php?id=61584464830457","https:\/\/www.instagram.com\/centralnutricion\/"]}]}},"jetpack_sharing_enabled":true,"_links":{"self":[{"href":"https:\/\/centralnutricion.cl\/index.php?rest_route=\/wp\/v2\/pages\/30","targetHints":{"allow":["GET"]}}],"collection":[{"href":"https:\/\/centralnutricion.cl\/index.php?rest_route=\/wp\/v2\/pages"}],"about":[{"href":"https:\/\/centralnutricion.cl\/index.php?rest_route=\/wp\/v2\/types\/page"}],"author":[{"embeddable":true,"href":"https:\/\/centralnutricion.cl\/index.php?rest_route=\/wp\/v2\/users\/1"}],"replies":[{"embeddable":true,"href":"https:\/\/centralnutricion.cl\/index.php?rest_route=%2Fwp%2Fv2%2Fcomments&post=30"}],"version-history":[{"count":50,"href":"https:\/\/centralnutricion.cl\/index.php?rest_route=\/wp\/v2\/pages\/30\/revisions"}],"predecessor-version":[{"id":1943,"href":"https:\/\/centralnutricion.cl\/index.php?rest_route=\/wp\/v2\/pages\/30\/revisions\/1943"}],"wp:featuredmedia":[{"embeddable":true,"href":"https:\/\/centralnutricion.cl\/index.php?rest_route=\/wp\/v2\/media\/1722"}],"wp:attachment":[{"href":"https:\/\/centralnutricion.cl\/index.php?rest_route=%2Fwp%2Fv2%2Fmedia&parent=30"}],"curies":[{"name":"wp","href":"https:\/\/api.w.org\/{rel}","templated":true}]}}